{"id":3772,"date":"2025-01-05T18:16:52","date_gmt":"2025-01-05T18:16:52","guid":{"rendered":"https:\/\/ajholguin.gob.ec\/cotopaxi\/?page_id=3772"},"modified":"2026-04-13T08:42:32","modified_gmt":"2026-04-13T12:42:32","slug":"rendicion-de-cuentas-2025","status":"publish","type":"page","link":"http:\/\/ajholguin.gob.ec\/cotopaxi\/rendicion-de-cuentas-2025\/","title":{"rendered":"Rendici\u00f3n de Cuentas 2025"},"content":{"rendered":"<h3>FASE I. Planificaci\u00f3n y facilitaci\u00f3n del proceso desde la Asamblea Local<\/h3>\n<p><a href=\"http:\/\/ajholguin.gob.ec\/cotopaxi\/wp-content\/uploads\/2026\/04\/resolucioen_no_cpccs-ple-sg-004-o-2026-0030.pdf\">resolucio\u011bn_no_cpccs-ple-sg-004-o-2026-0030<\/a><\/p>\n<p><a href=\"http:\/\/ajholguin.gob.ec\/cotopaxi\/wp-content\/uploads\/2026\/04\/PDOT-AJH-2024-FINAL-signed.pdf\">PDOT AJH 2024 FINAL-signed<\/a><\/p>\n<p><a href=\"http:\/\/ajholguin.gob.ec\/cotopaxi\/wp-content\/uploads\/2026\/04\/POA-2025.pdf\">POA 2025<\/a><\/p>\n<p><a href=\"http:\/\/ajholguin.gob.ec\/cotopaxi\/wp-content\/uploads\/2026\/04\/PRESUPUESTO-PARTICIPATIVO.pdf\">PRESUPUESTO PARTICIPATIVO<\/a><\/p>\n<p><a href=\"http:\/\/ajholguin.gob.ec\/cotopaxi\/wp-content\/uploads\/2026\/04\/PRESUPUESTO.pdf\">PRESUPUESTO<\/a><\/p>\n<p><a href=\"http:\/\/ajholguin.gob.ec\/cotopaxi\/wp-content\/uploads\/2026\/04\/Resolucion-Inicio-PRC-2025.pdf\">Resolucion Inicio PRC 2025<\/a><\/p>\n<h3>FASE II. Evaluaci\u00f3n de la gesti\u00f3n y elaboraci\u00f3n del Informe Institucional<\/h3>\n","protected":false},"excerpt":{"rendered":"<p>FASE I. Planificaci\u00f3n y facilitaci\u00f3n del proceso desde la Asamblea Local resolucio\u011bn_no_cpccs-ple-sg-004-o-2026-0030 PDOT AJH 2024 FINAL-signed POA 2025 PRESUPUESTO PARTICIPATIVO PRESUPUESTO Resolucion Inicio PRC 2025 FASE II. Evaluaci\u00f3n de la gesti\u00f3n y elaboraci\u00f3n del Informe Institucional<\/p>\n","protected":false},"author":2,"featured_media":0,"parent":0,"menu_order":0,"comment_status":"closed","ping_status":"closed","template":"","meta":{"footnotes":""},"yst_prominent_words":[163],"class_list":["post-3772","page","type-page","status-publish","hentry"],"_links":{"self":[{"href":"http:\/\/ajholguin.gob.ec\/cotopaxi\/wp-json\/wp\/v2\/pages\/3772","targetHints":{"allow":["GET"]}}],"collection":[{"href":"http:\/\/ajholguin.gob.ec\/cotopaxi\/wp-json\/wp\/v2\/pages"}],"about":[{"href":"http:\/\/ajholguin.gob.ec\/cotopaxi\/wp-json\/wp\/v2\/types\/page"}],"author":[{"embeddable":true,"href":"http:\/\/ajholguin.gob.ec\/cotopaxi\/wp-json\/wp\/v2\/users\/2"}],"replies":[{"embeddable":true,"href":"http:\/\/ajholguin.gob.ec\/cotopaxi\/wp-json\/wp\/v2\/comments?post=3772"}],"version-history":[{"count":4,"href":"http:\/\/ajholguin.gob.ec\/cotopaxi\/wp-json\/wp\/v2\/pages\/3772\/revisions"}],"predecessor-version":[{"id":4102,"href":"http:\/\/ajholguin.gob.ec\/cotopaxi\/wp-json\/wp\/v2\/pages\/3772\/revisions\/4102"}],"wp:attachment":[{"href":"http:\/\/ajholguin.gob.ec\/cotopaxi\/wp-json\/wp\/v2\/media?parent=3772"}],"wp:term":[{"taxonomy":"yst_prominent_words","embeddable":true,"href":"http:\/\/ajholguin.gob.ec\/cotopaxi\/wp-json\/wp\/v2\/yst_prominent_words?post=3772"}],"curies":[{"name":"wp","href":"https:\/\/api.w.org\/{rel}","templated":true}]}}