{"id":2402,"date":"2023-12-31T10:22:17","date_gmt":"2023-12-31T14:22:17","guid":{"rendered":"https:\/\/ajholguin.gob.ec\/cotopaxi\/?page_id=2402"},"modified":"2025-08-11T13:17:43","modified_gmt":"2025-08-11T17:17:43","slug":"rendicion-de-cuentas-2024","status":"publish","type":"page","link":"http:\/\/ajholguin.gob.ec\/cotopaxi\/rendicion-de-cuentas-2024\/","title":{"rendered":"Rendici\u00f3n de Cuentas 2024"},"content":{"rendered":"<h1 class=\"art-postheader\" style=\"text-align: center;\"><strong>PROCESO DE RENDICI\u00d3N DE CUENTAS GADPR DE ANTONIO JOS\u00c9 HOLGU\u00cdN PER\u00cdODO 2024<\/strong><\/h1>\n<h1 class=\"art-postheader\" style=\"text-align: center;\"><strong>FASE I (14 ABRIL &#8211; 13 MAYO)<\/strong><\/h1>\n<p>RESOLUCI\u00d3N CONSEJO DE PARTICIPACI\u00d3N CIUDADANA Y CONTROL SOCIAL<\/p>\n<p><a href=\"https:\/\/ajholguin.gob.ec\/cotopaxi\/wp-content\/uploads\/2025\/05\/RESOLUCION_No_CPCCS_PLE_SG_0310_2023_0176.pdf\">RESOLUCION_No_CPCCS_PLE_SG_0310_2023_0176<\/a><\/p>\n<p><a href=\"https:\/\/ajholguin.gob.ec\/cotopaxi\/wp-content\/uploads\/2025\/05\/RESOLUCION-No.-CPCCS-PLE-SG-069-2021-476.pdf\">RESOLUCION-No.-CPCCS-PLE-SG-069-2021-476<\/a><\/p>\n<p><a href=\"https:\/\/ajholguin.gob.ec\/cotopaxi\/wp-content\/uploads\/2025\/05\/RESOLUCION-No.-CPCCS-PLE-SG-007-E-2025-0070.pdf\">RESOLUCI\u00d3N No. CPCCS-PLE-SG-007-E-2025-0070<\/a><\/p>\n<p>DESIGNACI\u00d3N DE RESPONSABLES DEL PROCESO DE RENDICI\u00d3N DE CUENTAS 2024<\/p>\n<p><a href=\"https:\/\/ajholguin.gob.ec\/cotopaxi\/wp-content\/uploads\/2025\/05\/RESOLUCION-No.-001-\u0421\u0420\u0421CS-2025.pdf\">RESOLUCI\u00d3N No. 001-\u0421\u0420\u0421CS-2025<\/a><\/p>\n<p><a href=\"https:\/\/ajholguin.gob.ec\/cotopaxi\/wp-content\/uploads\/2025\/05\/MEMORANDO-RESPONSABLES-PRCAJH-2025.pdf\">MEMORANDO RESPONSABLES PRCAJH-2025<\/a><\/p>\n<p>ASAMBLEA PARROQUIAL DESIGNACI\u00d3N REPRESENTANTE DE LA CIUDADAN\u00cdA PARA EL PROCESO DE RENDICI\u00d3N DE CUENTAS\u00a02024<\/p>\n<p><a href=\"https:\/\/ajholguin.gob.ec\/cotopaxi\/wp-content\/uploads\/2025\/07\/ACTA-ASAMBLEA-PARROQUIAL-25-04-2025.pdf\">ACTA ASAMBLEA PARROQUIAL 25-04-2025<\/a><\/p>\n<p>ENTREGA DE DOCUMENTOS DEL GAD AL REPRESENTANTE DE LA CIUDADAN\u00cdA<\/p>\n<p><a href=\"https:\/\/ajholguin.gob.ec\/cotopaxi\/wp-content\/uploads\/2025\/07\/Entrega-Informe-Preliminar-Representante-Ciudadania-2.pdf\">Entrega Informe Preliminar Representante Ciudadan\u00eda<\/a><\/p>\n<p><a href=\"https:\/\/ajholguin.gob.ec\/cotopaxi\/wp-content\/uploads\/2025\/08\/GADS-AJH2024.xlsx\">GADS AJH2024<\/a><\/p>\n<p>ENTREGA DE LOS TEMAS DE LA CONSULTA CIUDADANA AL GAD<\/p>\n<p><a href=\"https:\/\/ajholguin.gob.ec\/cotopaxi\/wp-content\/uploads\/2025\/07\/Entregas-de-Temas-de-Consulta-Ciudadana.pdf\">Entregas de Temas de Consulta Ciudadana<\/a><\/p>\n<h1 class=\"art-postheader\" style=\"text-align: center;\"><strong>FASE II (14 MAYO &#8211; 13 JUNIO)<\/strong><\/h1>\n<p>ENTREGA DEL INFORME AL REPRESENTANTE DE LA CIUDADAN\u00cdA<\/p>\n<p><a href=\"https:\/\/ajholguin.gob.ec\/cotopaxi\/wp-content\/uploads\/2025\/07\/Entrega-Informe-Preliminar-Representante-Ciudadania-1.pdf\">Entrega Informe Preliminar Representante Ciudadan\u00eda<\/a><\/p>\n<h1 class=\"art-postheader\" style=\"text-align: center;\"><strong>FASE III (13 JUNIO &#8211; 13 JULIO)<\/strong><\/h1>\n<p><img fetchpriority=\"high\" decoding=\"async\" class=\"alignnone size-medium wp-image-3954\" src=\"https:\/\/ajholguin.gob.ec\/cotopaxi\/wp-content\/uploads\/2025\/07\/Invitacion-Rendicion-de-Cuentas-2024_page-0001-550x538.jpg\" alt=\"\" width=\"550\" height=\"538\" srcset=\"http:\/\/ajholguin.gob.ec\/cotopaxi\/wp-content\/uploads\/2025\/07\/Invitacion-Rendicion-de-Cuentas-2024_page-0001-550x538.jpg 550w, http:\/\/ajholguin.gob.ec\/cotopaxi\/wp-content\/uploads\/2025\/07\/Invitacion-Rendicion-de-Cuentas-2024_page-0001-768x751.jpg 768w, http:\/\/ajholguin.gob.ec\/cotopaxi\/wp-content\/uploads\/2025\/07\/Invitacion-Rendicion-de-Cuentas-2024_page-0001.jpg 839w\" sizes=\"(max-width: 550px) 100vw, 550px\" \/><\/p>\n<p>FECHA PUBLICACI\u00d3N:\u00a027\u00a0DE JUNIO DEL\u00a02025<\/p>\n<p>https:\/\/www.facebook.com\/junta.antoniojh\/videos\/1403369250894185<\/p>\n<div style=\"width: 432px;\" class=\"wp-video\"><video class=\"wp-video-shortcode\" id=\"video-2402-1\" width=\"432\" height=\"768\" preload=\"metadata\" controls=\"controls\"><source type=\"video\/mp4\" src=\"https:\/\/ajholguin.gob.ec\/cotopaxi\/wp-content\/uploads\/2025\/07\/AQNSAHQb3OWzPIw2QRfjRjFQsXb9h4Djb6SpiIdbkxo1gs-I_yGgQ9ZkWlpK1TVUMk6G0xOtGLxvjeFqQ4vaQi6sXMrmKvrsChD0ekEZq8DTOcIHDw.mp4?_=1\" \/><a href=\"https:\/\/ajholguin.gob.ec\/cotopaxi\/wp-content\/uploads\/2025\/07\/AQNSAHQb3OWzPIw2QRfjRjFQsXb9h4Djb6SpiIdbkxo1gs-I_yGgQ9ZkWlpK1TVUMk6G0xOtGLxvjeFqQ4vaQi6sXMrmKvrsChD0ekEZq8DTOcIHDw.mp4\">https:\/\/ajholguin.gob.ec\/cotopaxi\/wp-content\/uploads\/2025\/07\/AQNSAHQb3OWzPIw2QRfjRjFQsXb9h4Djb6SpiIdbkxo1gs-I_yGgQ9ZkWlpK1TVUMk6G0xOtGLxvjeFqQ4vaQi6sXMrmKvrsChD0ekEZq8DTOcIHDw.mp4<\/a><\/video><\/div>\n<p><a href=\"https:\/\/ajholguin.gob.ec\/cotopaxi\/wp-content\/uploads\/2025\/07\/Orden-del-Dia.pdf\">Orden del D\u00eda<\/a><\/p>\n<p><a href=\"https:\/\/ajholguin.gob.ec\/cotopaxi\/wp-content\/uploads\/2025\/07\/ACTA-DE-RENDICION-DE-CUENTAS-2024.pdf\">ACTA DE RENDICION DE CUENTAS 2024<\/a><\/p>\n<h1 class=\"art-postheader\" style=\"text-align: center;\"><strong>FASE IV (14 JULIO &#8211; 14 AGOSTO)<\/strong><\/h1>\n<p><a href=\"https:\/\/ajholguin.gob.ec\/cotopaxi\/wp-content\/uploads\/2025\/07\/Fase-4.pdf\">Fase 4<\/a><\/p>\n<p><a href=\"https:\/\/ajholguin.gob.ec\/cotopaxi\/wp-content\/uploads\/2025\/08\/ReporteInformeGad-2024.pdf\">ReporteInformeGad 2024<\/a><\/p>\n","protected":false},"excerpt":{"rendered":"<p>PROCESO DE RENDICI\u00d3N DE CUENTAS GADPR DE ANTONIO JOS\u00c9 HOLGU\u00cdN PER\u00cdODO 2024 FASE I (14 ABRIL &#8211; 13 MAYO) RESOLUCI\u00d3N CONSEJO DE PARTICIPACI\u00d3N CIUDADANA Y CONTROL SOCIAL RESOLUCION_No_CPCCS_PLE_SG_0310_2023_0176 RESOLUCION-No.-CPCCS-PLE-SG-069-2021-476 RESOLUCI\u00d3N No. CPCCS-PLE-SG-007-E-2025-0070 DESIGNACI\u00d3N DE RESPONSABLES DEL PROCESO DE RENDICI\u00d3N DE CUENTAS 2024 RESOLUCI\u00d3N No. 001-\u0421\u0420\u0421CS-2025 MEMORANDO RESPONSABLES PRCAJH-2025 ASAMBLEA PARROQUIAL DESIGNACI\u00d3N REPRESENTANTE DE LA CIUDADAN\u00cdA [&hellip;]<\/p>\n","protected":false},"author":2,"featured_media":0,"parent":0,"menu_order":0,"comment_status":"closed","ping_status":"closed","template":"","meta":{"footnotes":""},"yst_prominent_words":[222,219],"class_list":["post-2402","page","type-page","status-publish","hentry"],"_links":{"self":[{"href":"http:\/\/ajholguin.gob.ec\/cotopaxi\/wp-json\/wp\/v2\/pages\/2402","targetHints":{"allow":["GET"]}}],"collection":[{"href":"http:\/\/ajholguin.gob.ec\/cotopaxi\/wp-json\/wp\/v2\/pages"}],"about":[{"href":"http:\/\/ajholguin.gob.ec\/cotopaxi\/wp-json\/wp\/v2\/types\/page"}],"author":[{"embeddable":true,"href":"http:\/\/ajholguin.gob.ec\/cotopaxi\/wp-json\/wp\/v2\/users\/2"}],"replies":[{"embeddable":true,"href":"http:\/\/ajholguin.gob.ec\/cotopaxi\/wp-json\/wp\/v2\/comments?post=2402"}],"version-history":[{"count":17,"href":"http:\/\/ajholguin.gob.ec\/cotopaxi\/wp-json\/wp\/v2\/pages\/2402\/revisions"}],"predecessor-version":[{"id":4006,"href":"http:\/\/ajholguin.gob.ec\/cotopaxi\/wp-json\/wp\/v2\/pages\/2402\/revisions\/4006"}],"wp:attachment":[{"href":"http:\/\/ajholguin.gob.ec\/cotopaxi\/wp-json\/wp\/v2\/media?parent=2402"}],"wp:term":[{"taxonomy":"yst_prominent_words","embeddable":true,"href":"http:\/\/ajholguin.gob.ec\/cotopaxi\/wp-json\/wp\/v2\/yst_prominent_words?post=2402"}],"curies":[{"name":"wp","href":"https:\/\/api.w.org\/{rel}","templated":true}]}}