{"id":2268,"date":"2023-01-02T11:59:23","date_gmt":"2023-01-02T15:59:23","guid":{"rendered":"https:\/\/ajholguin.gob.ec\/cotopaxi\/?page_id=2268"},"modified":"2024-06-27T21:00:30","modified_gmt":"2024-06-28T01:00:30","slug":"rendicion-de-cuentas-2023","status":"publish","type":"page","link":"http:\/\/ajholguin.gob.ec\/cotopaxi\/rendicion-de-cuentas-2023\/","title":{"rendered":"Rendici\u00f3n de Cuentas 2023"},"content":{"rendered":"<h1 class=\"art-postheader\" style=\"text-align: center;\"><strong style=\"font-size: 16px;\">PROCESO DE RENDICI\u00d3N DE CUENTAS GADPR DE ANTONIO JOS\u00c9 HOLGU\u00cdN PER\u00cdODO 2023<\/strong><\/h1>\n<div class=\"art-postcontent clearfix\">\n<p><a href=\"https:\/\/ajholguin.gob.ec\/cotopaxi\/wp-content\/uploads\/2024\/05\/RESOLUCION-No.-CPCCS-PLE-SG-069-2021-476.pdf\">RESOLUCION-No.-CPCCS-PLE-SG-069-2021-476<\/a><\/p>\n<p><a href=\"https:\/\/ajholguin.gob.ec\/cotopaxi\/wp-content\/uploads\/2024\/05\/RESOLUCION_No_CPCCS_PLE_SG_0310_2023_0176.pdf\">RESOLUCION_No_CPCCS_PLE_SG_0310_2023_0176<\/a><\/p>\n<h1 class=\"art-postheader\" style=\"text-align: center;\"><span style=\"color: #339966;\"><strong style=\"font-size: 16px;\">FASE I (MES ENERO Y FEBRERO)<\/strong><\/span><\/h1>\n<p>DESIGNACI\u00d3N RESPONSABLES DEL PROCESO DE RENDICION DE CUENTAS DEL GADPRAJH<\/p>\n<p><a href=\"https:\/\/ajholguin.gob.ec\/cotopaxi\/wp-content\/uploads\/2024\/05\/RESOLUCION-DESIGNACION-RESPONSABLES-DEL-PROCESO-2023.pdf\">RESOLUCION DESIGNACION RESPONSABLES DEL PROCESO 2023<\/a><\/p>\n<p>DESIGNACION REPRESENTANTE DE LA CIUDADANIA<\/p>\n<p><a href=\"https:\/\/ajholguin.gob.ec\/cotopaxi\/wp-content\/uploads\/2024\/05\/DESIGNACION-REPRESENTANTE-CIUDADANIA.pdf\">DESIGNACION REPRESENTANTE CIUDADANIA<\/a><\/p>\n<p><a href=\"https:\/\/ajholguin.gob.ec\/cotopaxi\/wp-content\/uploads\/2024\/06\/ACTA-DE-REPRESENTANTE-CIUDADANIA-2023.pdf\">ACTA DE REPRESENTANTE CIUDADANIA 2023<\/a><\/p>\n<p>ENTREGA DE MATRICES, POA, PRESUPUESTO, PLAN DE TRABAJO PRESIDENTE, PROGRAMAS PDOT AL REPRESENTANTE DE LA CIUDADANIA<\/p>\n<p><a href=\"https:\/\/ajholguin.gob.ec\/cotopaxi\/wp-content\/uploads\/2024\/05\/ENTREGA-DE-MATRICES.pdf\">ENTREGA DE MATRICES<\/a><\/p>\n<p><a href=\"https:\/\/ajholguin.gob.ec\/cotopaxi\/wp-content\/uploads\/2024\/06\/PLAN-DE-TRABAJO-PRESIDENTE.pdf\">PLAN DE TRABAJO PRESIDENTE<\/a><\/p>\n<p>ENTREGA DE CONSULTA CIUDADANA POR PARTE DEL REPRESENTANTE DE LA CIUDADANIA<\/p>\n<p><a href=\"https:\/\/ajholguin.gob.ec\/cotopaxi\/wp-content\/uploads\/2024\/05\/ENTREGA-DE-TEMAS-AL-GAD-POR-PARTE-DEL-REPRESENTANTE-DE-LA-CIUDADANIA.pdf\">ENTREGA DE TEMAS AL GAD POR PARTE DEL REPRESENTANTE DE LA CIUDADANIA<\/a><\/p>\n<h1 class=\"art-postheader\" style=\"text-align: center;\"><span style=\"color: #339966;\"><strong style=\"font-size: 16px;\">FASE II (MES MARZO)<\/strong><\/span><\/h1>\n<p>ENTREGA DEL INFORME PRELIMINAR DE RENDICI\u00d3N DE CUENTAS AL REPRESENTANTE DE LA CIUDADANIA.<\/p>\n<h1 class=\"art-postheader\" style=\"text-align: center;\"><span style=\"color: #339966;\"><strong style=\"font-size: 16px;\">FASE II (MES ABRIL)<\/strong><\/span><\/h1>\n<p>RESPUESTA DEL REPRESENTANTE DE LA CIUDADANIA AL INFORME PRELIMINAR DE RENDICI\u00d3N DE CUENTAS<\/p>\n<h1 class=\"art-postheader\" style=\"text-align: center;\"><span style=\"color: #339966;\"><strong style=\"font-size: 16px;\">FASE III (MES MAYO)<\/strong><\/span><\/h1>\n<p>PUBLICACION DE CONVOCATORIA PARA EL ACTO DELIBERACI\u00d3N P\u00daBLICA DEL\u00a0 INFORME DE RENDICI\u00d3N DE CUENTAS 2023 DEL GADPRAJH Y SE\u00d1ORES VOCALES.<\/p>\n<p><img fetchpriority=\"high\" decoding=\"async\" class=\"alignnone size-medium wp-image-3043\" src=\"https:\/\/ajholguin.gob.ec\/cotopaxi\/wp-content\/uploads\/2024\/05\/Invitacion-Rendicion-de-Cuentas_page-0001-550x543.jpg\" alt=\"\" width=\"550\" height=\"543\" srcset=\"http:\/\/ajholguin.gob.ec\/cotopaxi\/wp-content\/uploads\/2024\/05\/Invitacion-Rendicion-de-Cuentas_page-0001-550x543.jpg 550w, http:\/\/ajholguin.gob.ec\/cotopaxi\/wp-content\/uploads\/2024\/05\/Invitacion-Rendicion-de-Cuentas_page-0001.jpg 758w\" sizes=\"(max-width: 550px) 100vw, 550px\" \/><\/p>\n<article id=\"post-5405\" class=\"art-post art-article post-5405 page type-page status-publish hentry\">\n<div class=\"art-postcontent clearfix\">\n<p>Fecha de Publicaci\u00f3n el 17 de Mayo del 2024.<\/p>\n<p><a href=\"https:\/\/ajholguin.gob.ec\/cotopaxi\/wp-content\/uploads\/2024\/06\/Presentacion-Rendicion-de-Cuentas-2023.pptx\">Presentacion Rendicion de Cuentas 2023<\/a><\/p>\n<p><a href=\"https:\/\/ajholguin.gob.ec\/cotopaxi\/wp-content\/uploads\/2024\/06\/ACTA-RENDICION-DE-CUENTAS-PERIODO-2023.pdf\">ACTA RENDICION DE CUENTAS PERIODO 2023<\/a><\/p>\n<p><a href=\"https:\/\/ajholguin.gob.ec\/cotopaxi\/wp-content\/uploads\/2024\/06\/ReporteInformeGad-ReporteInformeGad-Rendicion-2023.pdf\">ReporteInformeGad &#8211; ReporteInformeGad Rendicion 2023<\/a><\/p>\n<\/div>\n<\/article>\n<article id=\"xt_visitor_counter-2\" class=\"art-post art-article widget widget_xt_visitor_counter\"><\/article>\n<\/div>\n","protected":false},"excerpt":{"rendered":"<p>PROCESO DE RENDICI\u00d3N DE CUENTAS GADPR DE ANTONIO JOS\u00c9 HOLGU\u00cdN PER\u00cdODO 2023 RESOLUCION-No.-CPCCS-PLE-SG-069-2021-476 RESOLUCION_No_CPCCS_PLE_SG_0310_2023_0176 FASE I (MES ENERO Y FEBRERO) DESIGNACI\u00d3N RESPONSABLES DEL PROCESO DE RENDICION DE CUENTAS DEL GADPRAJH RESOLUCION DESIGNACION RESPONSABLES DEL PROCESO 2023 DESIGNACION REPRESENTANTE DE LA CIUDADANIA DESIGNACION REPRESENTANTE CIUDADANIA ACTA DE REPRESENTANTE CIUDADANIA 2023 ENTREGA DE MATRICES, POA, PRESUPUESTO, PLAN [&hellip;]<\/p>\n","protected":false},"author":2,"featured_media":0,"parent":0,"menu_order":0,"comment_status":"closed","ping_status":"closed","template":"","meta":{"footnotes":""},"yst_prominent_words":[182,222,219],"class_list":["post-2268","page","type-page","status-publish","hentry"],"_links":{"self":[{"href":"http:\/\/ajholguin.gob.ec\/cotopaxi\/wp-json\/wp\/v2\/pages\/2268","targetHints":{"allow":["GET"]}}],"collection":[{"href":"http:\/\/ajholguin.gob.ec\/cotopaxi\/wp-json\/wp\/v2\/pages"}],"about":[{"href":"http:\/\/ajholguin.gob.ec\/cotopaxi\/wp-json\/wp\/v2\/types\/page"}],"author":[{"embeddable":true,"href":"http:\/\/ajholguin.gob.ec\/cotopaxi\/wp-json\/wp\/v2\/users\/2"}],"replies":[{"embeddable":true,"href":"http:\/\/ajholguin.gob.ec\/cotopaxi\/wp-json\/wp\/v2\/comments?post=2268"}],"version-history":[{"count":13,"href":"http:\/\/ajholguin.gob.ec\/cotopaxi\/wp-json\/wp\/v2\/pages\/2268\/revisions"}],"predecessor-version":[{"id":3164,"href":"http:\/\/ajholguin.gob.ec\/cotopaxi\/wp-json\/wp\/v2\/pages\/2268\/revisions\/3164"}],"wp:attachment":[{"href":"http:\/\/ajholguin.gob.ec\/cotopaxi\/wp-json\/wp\/v2\/media?parent=2268"}],"wp:term":[{"taxonomy":"yst_prominent_words","embeddable":true,"href":"http:\/\/ajholguin.gob.ec\/cotopaxi\/wp-json\/wp\/v2\/yst_prominent_words?post=2268"}],"curies":[{"name":"wp","href":"https:\/\/api.w.org\/{rel}","templated":true}]}}